{"id":12292,"date":"2025-02-26T09:29:51","date_gmt":"2025-02-26T08:29:51","guid":{"rendered":"https:\/\/preprod.noelse.net\/professionnels\/?page_id=12292"},"modified":"2026-03-26T10:06:30","modified_gmt":"2026-03-26T09:06:30","slug":"nous-contacter","status":"publish","type":"page","link":"https:\/\/preprod.noelse.net\/professionnels\/nous-contacter\/","title":{"rendered":"Nous contacter"},"content":{"rendered":"\t\t<div data-elementor-type=\"wp-page\" data-elementor-id=\"12292\" class=\"elementor elementor-12292\">\n\t\t\t\t<div class=\"elementor-element elementor-element-7f7c155 e-flex e-con-boxed e-con e-parent\" data-id=\"7f7c155\" data-element_type=\"container\" data-e-type=\"container\">\n\t\t\t\t\t<div class=\"e-con-inner\">\n\t\t\t\t<div class=\"elementor-element elementor-element-f000025 elementor-widget elementor-widget-heading\" data-id=\"f000025\" data-element_type=\"widget\" data-e-type=\"widget\" data-widget_type=\"heading.default\">\n\t\t\t\t\t<h2 class=\"elementor-heading-title elementor-size-default\">\nBesoin d'aide ? Contactez Noelse, nous sommes l\u00e0 pour vous !\n<\/h2>\t\t\t\t<\/div>\n\t\t\t\t<div class=\"elementor-element elementor-element-abcd784 elementor-widget elementor-widget-text-editor\" data-id=\"abcd784\" data-element_type=\"widget\" data-e-type=\"widget\" data-widget_type=\"text-editor.default\">\n\t\t\t\t\t\t\t\t\t<p><span class=\"\">Une question, une r\u00e9clamation ou un probl\u00e8me \u00e0 r\u00e9soudre ? <br \/>Notre \u00e9quipe est \u00e0 votre disposition pour vous accompagner dans toutes vos d\u00e9marches.<\/span><\/p>\t\t\t\t\t\t\t\t<\/div>\n\t\t\t\t<div class=\"elementor-element elementor-element-d8981e9 elementor-icon-list--layout-inline elementor-align-center elementor-list-item-link-full_width elementor-widget elementor-widget-icon-list\" data-id=\"d8981e9\" data-element_type=\"widget\" data-e-type=\"widget\" data-widget_type=\"icon-list.default\">\n\t\t\t\t\t\t\t<ul class=\"elementor-icon-list-items elementor-inline-items\">\n\t\t\t\t\t\t\t<li class=\"elementor-icon-list-item elementor-inline-item\">\n\t\t\t\t\t\t\t\t\t\t\t<span class=\"elementor-icon-list-icon\">\n\t\t\t\t\t\t\t<svg aria-hidden=\"true\" class=\"e-font-icon-svg e-fas-headset\" viewBox=\"0 0 512 512\" xmlns=\"http:\/\/www.w3.org\/2000\/svg\"><path d=\"M192 208c0-17.67-14.33-32-32-32h-16c-35.35 0-64 28.65-64 64v48c0 35.35 28.65 64 64 64h16c17.67 0 32-14.33 32-32V208zm176 144c35.35 0 64-28.65 64-64v-48c0-35.35-28.65-64-64-64h-16c-17.67 0-32 14.33-32 32v112c0 17.67 14.33 32 32 32h16zM256 0C113.18 0 4.58 118.83 0 256v16c0 8.84 7.16 16 16 16h16c8.84 0 16-7.16 16-16v-16c0-114.69 93.31-208 208-208s208 93.31 208 208h-.12c.08 2.43.12 165.72.12 165.72 0 23.35-18.93 42.28-42.28 42.28H320c0-26.51-21.49-48-48-48h-32c-26.51 0-48 21.49-48 48s21.49 48 48 48h181.72c49.86 0 90.28-40.42 90.28-90.28V256C507.42 118.83 398.82 0 256 0z\"><\/path><\/svg>\t\t\t\t\t\t<\/span>\n\t\t\t\t\t\t\t\t\t\t<span class=\"elementor-icon-list-text\">Service client bas\u00e9 en France<\/span>\n\t\t\t\t\t\t\t\t\t<\/li>\n\t\t\t\t\t\t\t\t<li class=\"elementor-icon-list-item elementor-inline-item\">\n\t\t\t\t\t\t\t\t\t\t\t<span class=\"elementor-icon-list-icon\">\n\t\t\t\t\t\t\t<svg aria-hidden=\"true\" class=\"e-font-icon-svg e-fas-bolt\" viewBox=\"0 0 320 512\" xmlns=\"http:\/\/www.w3.org\/2000\/svg\"><path d=\"M296 160H180.6l42.6-129.8C227.2 15 215.7 0 200 0H56C44 0 33.8 8.9 32.2 20.8l-32 240C-1.7 275.2 9.5 288 24 288h118.7L96.6 482.5c-3.6 15.2 8 29.5 23.3 29.5 8.4 0 16.4-4.4 20.8-12l176-304c9.3-15.9-2.2-36-20.7-36z\"><\/path><\/svg>\t\t\t\t\t\t<\/span>\n\t\t\t\t\t\t\t\t\t\t<span class=\"elementor-icon-list-text\">R\u00e9ponse rapide<\/span>\n\t\t\t\t\t\t\t\t\t<\/li>\n\t\t\t\t\t\t\t\t<li class=\"elementor-icon-list-item elementor-inline-item\">\n\t\t\t\t\t\t\t\t\t\t\t<span class=\"elementor-icon-list-icon\">\n\t\t\t\t\t\t\t<svg aria-hidden=\"true\" class=\"e-font-icon-svg e-far-clock\" viewBox=\"0 0 512 512\" xmlns=\"http:\/\/www.w3.org\/2000\/svg\"><path d=\"M256 8C119 8 8 119 8 256s111 248 248 248 248-111 248-248S393 8 256 8zm0 448c-110.5 0-200-89.5-200-200S145.5 56 256 56s200 89.5 200 200-89.5 200-200 200zm61.8-104.4l-84.9-61.7c-3.1-2.3-4.9-5.9-4.9-9.7V116c0-6.6 5.4-12 12-12h32c6.6 0 12 5.4 12 12v141.7l66.8 48.6c5.4 3.9 6.5 11.4 2.6 16.8L334.6 349c-3.9 5.3-11.4 6.5-16.8 2.6z\"><\/path><\/svg>\t\t\t\t\t\t<\/span>\n\t\t\t\t\t\t\t\t\t\t<span class=\"elementor-icon-list-text\">Support 5j\/7<\/span>\n\t\t\t\t\t\t\t\t\t<\/li>\n\t\t\t\t\t\t<\/ul>\n\t\t\t\t\t\t<\/div>\n\t\t\t\t<div class=\"elementor-element elementor-element-8260811 elementor-align-center elementor-mobile-align-center elementor-hidden-tablet elementor-hidden-mobile elementor-widget elementor-widget-button\" data-id=\"8260811\" data-element_type=\"widget\" data-e-type=\"widget\" data-widget_type=\"button.default\">\n\t\t\t\t\t\t\t\t\t\t<a class=\"elementor-button elementor-button-link elementor-size-sm\" href=\"https:\/\/onelink.to\/7kqe3x\">\n\t\t\t\t\t\t<span class=\"elementor-button-content-wrapper\">\n\t\t\t\t\t\t\t\t\t<span class=\"elementor-button-text\">Ouvrir mon compte en 5min<\/span>\n\t\t\t\t\t<\/span>\n\t\t\t\t\t<\/a>\n\t\t\t\t\t\t\t\t<\/div>\n\t\t\t\t\t<\/div>\n\t\t\t\t<\/div>\n\t\t<div class=\"elementor-element elementor-element-f5c16c0 e-flex e-con-boxed e-con e-parent\" data-id=\"f5c16c0\" data-element_type=\"container\" data-e-type=\"container\">\n\t\t\t\t\t<div class=\"e-con-inner\">\n\t\t\t\t<div class=\"elementor-element elementor-element-b2a8deb elementor-widget elementor-widget-heading\" data-id=\"b2a8deb\" data-element_type=\"widget\" data-e-type=\"widget\" data-widget_type=\"heading.default\">\n\t\t\t\t\t<h2 class=\"elementor-heading-title elementor-size-default\">Nos services sont pr\u00e9sents pour vous r\u00e9pondre<\/h2>\t\t\t\t<\/div>\n\t\t\t\t\t<\/div>\n\t\t\t\t<\/div>\n\t\t<div class=\"elementor-element elementor-element-48f079e e-flex e-con-boxed e-con e-parent\" data-id=\"48f079e\" data-element_type=\"container\" data-e-type=\"container\">\n\t\t\t\t\t<div class=\"e-con-inner\">\n\t\t<div class=\"elementor-element elementor-element-29718c4 e-con-full e-flex e-con e-child\" data-id=\"29718c4\" data-element_type=\"container\" data-e-type=\"container\" data-settings=\"{&quot;background_background&quot;:&quot;classic&quot;}\">\n\t\t\t\t<div class=\"elementor-element elementor-element-3485080 elementor-view-default elementor-widget elementor-widget-icon\" data-id=\"3485080\" data-element_type=\"widget\" data-e-type=\"widget\" data-widget_type=\"icon.default\">\n\t\t\t\t\t\t\t<div class=\"elementor-icon-wrapper\">\n\t\t\t<div class=\"elementor-icon\">\n\t\t\t<svg aria-hidden=\"true\" class=\"e-font-icon-svg e-fas-info-circle\" viewBox=\"0 0 512 512\" xmlns=\"http:\/\/www.w3.org\/2000\/svg\"><path d=\"M256 8C119.043 8 8 119.083 8 256c0 136.997 111.043 248 248 248s248-111.003 248-248C504 119.083 392.957 8 256 8zm0 110c23.196 0 42 18.804 42 42s-18.804 42-42 42-42-18.804-42-42 18.804-42 42-42zm56 254c0 6.627-5.373 12-12 12h-88c-6.627 0-12-5.373-12-12v-24c0-6.627 5.373-12 12-12h12v-64h-12c-6.627 0-12-5.373-12-12v-24c0-6.627 5.373-12 12-12h64c6.627 0 12 5.373 12 12v100h12c6.627 0 12 5.373 12 12v24z\"><\/path><\/svg>\t\t\t<\/div>\n\t\t<\/div>\n\t\t\t\t\t\t<\/div>\n\t\t\t\t<div class=\"elementor-element elementor-element-9b9854b elementor-widget elementor-widget-heading\" data-id=\"9b9854b\" data-element_type=\"widget\" data-e-type=\"widget\" data-widget_type=\"heading.default\">\n\t\t\t\t\t<h3 class=\"elementor-heading-title elementor-size-default\">Information<\/h3>\t\t\t\t<\/div>\n\t\t\t\t<div class=\"elementor-element elementor-element-1e7b192 elementor-widget elementor-widget-text-editor\" data-id=\"1e7b192\" data-element_type=\"widget\" data-e-type=\"widget\" data-widget_type=\"text-editor.default\">\n\t\t\t\t\t\t\t\t\t<p>Contactez-nous si vous avez besoin d&rsquo;aide. Notre e\u0301quipe est la\u0300 pour re\u0301pondre a\u0300 toutes vos questions.<\/p>\t\t\t\t\t\t\t\t<\/div>\n\t\t\t\t<\/div>\n\t\t<div class=\"elementor-element elementor-element-adfce82 e-con-full e-flex e-con e-child\" data-id=\"adfce82\" data-element_type=\"container\" data-e-type=\"container\" data-settings=\"{&quot;background_background&quot;:&quot;classic&quot;}\">\n\t\t\t\t<div class=\"elementor-element elementor-element-c00f6cf elementor-view-default elementor-widget elementor-widget-icon\" data-id=\"c00f6cf\" data-element_type=\"widget\" data-e-type=\"widget\" data-widget_type=\"icon.default\">\n\t\t\t\t\t\t\t<div class=\"elementor-icon-wrapper\">\n\t\t\t<div class=\"elementor-icon\">\n\t\t\t<svg aria-hidden=\"true\" class=\"e-font-icon-svg e-fas-exclamation-circle\" viewBox=\"0 0 512 512\" xmlns=\"http:\/\/www.w3.org\/2000\/svg\"><path d=\"M504 256c0 136.997-111.043 248-248 248S8 392.997 8 256C8 119.083 119.043 8 256 8s248 111.083 248 248zm-248 50c-25.405 0-46 20.595-46 46s20.595 46 46 46 46-20.595 46-46-20.595-46-46-46zm-43.673-165.346l7.418 136c.347 6.364 5.609 11.346 11.982 11.346h48.546c6.373 0 11.635-4.982 11.982-11.346l7.418-136c.375-6.874-5.098-12.654-11.982-12.654h-63.383c-6.884 0-12.356 5.78-11.981 12.654z\"><\/path><\/svg>\t\t\t<\/div>\n\t\t<\/div>\n\t\t\t\t\t\t<\/div>\n\t\t\t\t<div class=\"elementor-element elementor-element-881515c elementor-widget elementor-widget-heading\" data-id=\"881515c\" data-element_type=\"widget\" data-e-type=\"widget\" data-widget_type=\"heading.default\">\n\t\t\t\t\t<h3 class=\"elementor-heading-title elementor-size-default\">R\u00e9clamation<\/h3>\t\t\t\t<\/div>\n\t\t\t\t<div class=\"elementor-element elementor-element-23577cb elementor-widget elementor-widget-text-editor\" data-id=\"23577cb\" data-element_type=\"widget\" data-e-type=\"widget\" data-widget_type=\"text-editor.default\">\n\t\t\t\t\t\t\t\t\t<p>Si vous avez une re\u0301clamation a\u0300 formuler, nous sommes a\u0300 votre e\u0301coute et nous vous re\u0301pondrons dans les plus brefs de\u0301lais.<\/p>\t\t\t\t\t\t\t\t<\/div>\n\t\t\t\t<\/div>\n\t\t<div class=\"elementor-element elementor-element-e46380c e-con-full e-flex e-con e-child\" data-id=\"e46380c\" data-element_type=\"container\" data-e-type=\"container\" data-settings=\"{&quot;background_background&quot;:&quot;classic&quot;}\">\n\t\t\t\t<div class=\"elementor-element elementor-element-7137c43 elementor-view-default elementor-widget elementor-widget-icon\" data-id=\"7137c43\" data-element_type=\"widget\" data-e-type=\"widget\" data-widget_type=\"icon.default\">\n\t\t\t\t\t\t\t<div class=\"elementor-icon-wrapper\">\n\t\t\t<div class=\"elementor-icon\">\n\t\t\t<svg aria-hidden=\"true\" class=\"e-font-icon-svg e-fas-mask\" viewBox=\"0 0 640 512\" xmlns=\"http:\/\/www.w3.org\/2000\/svg\"><path d=\"M320.67 64c-442.6 0-357.57 384-158.46 384 39.9 0 77.47-20.69 101.42-55.86l25.73-37.79c15.66-22.99 46.97-22.99 62.63 0l25.73 37.79C401.66 427.31 439.23 448 479.13 448c189.86 0 290.63-384-158.46-384zM184 308.36c-41.06 0-67.76-25.66-80.08-41.05-5.23-6.53-5.23-16.09 0-22.63 12.32-15.4 39.01-41.05 80.08-41.05s67.76 25.66 80.08 41.05c5.23 6.53 5.23 16.09 0 22.63-12.32 15.4-39.02 41.05-80.08 41.05zm272 0c-41.06 0-67.76-25.66-80.08-41.05-5.23-6.53-5.23-16.09 0-22.63 12.32-15.4 39.01-41.05 80.08-41.05s67.76 25.66 80.08 41.05c5.23 6.53 5.23 16.09 0 22.63-12.32 15.4-39.02 41.05-80.08 41.05z\"><\/path><\/svg>\t\t\t<\/div>\n\t\t<\/div>\n\t\t\t\t\t\t<\/div>\n\t\t\t\t<div class=\"elementor-element elementor-element-430d7ba elementor-widget elementor-widget-heading\" data-id=\"430d7ba\" data-element_type=\"widget\" data-e-type=\"widget\" data-widget_type=\"heading.default\">\n\t\t\t\t\t<h3 class=\"elementor-heading-title elementor-size-default\">Fraude<\/h3>\t\t\t\t<\/div>\n\t\t\t\t<div class=\"elementor-element elementor-element-ba4bab4 elementor-widget elementor-widget-text-editor\" data-id=\"ba4bab4\" data-element_type=\"widget\" data-e-type=\"widget\" data-widget_type=\"text-editor.default\">\n\t\t\t\t\t\t\t\t\t<p>Contactez-nous si vous avez des informations ou des soupc\u0327ons concernant une activite\u0301 frauduleuse lie\u0301e a\u0300 notre entreprise.<\/p>\t\t\t\t\t\t\t\t<\/div>\n\t\t\t\t<\/div>\n\t\t<div class=\"elementor-element elementor-element-0d160cc e-con-full e-flex e-con e-child\" data-id=\"0d160cc\" data-element_type=\"container\" data-e-type=\"container\" data-settings=\"{&quot;background_background&quot;:&quot;classic&quot;}\">\n\t\t\t\t<div class=\"elementor-element elementor-element-eb1fb74 elementor-view-default elementor-widget elementor-widget-icon\" data-id=\"eb1fb74\" data-element_type=\"widget\" data-e-type=\"widget\" data-widget_type=\"icon.default\">\n\t\t\t\t\t\t\t<div class=\"elementor-icon-wrapper\">\n\t\t\t<div class=\"elementor-icon\">\n\t\t\t<svg aria-hidden=\"true\" class=\"e-font-icon-svg e-fas-bullhorn\" viewBox=\"0 0 576 512\" xmlns=\"http:\/\/www.w3.org\/2000\/svg\"><path d=\"M576 240c0-23.63-12.95-44.04-32-55.12V32.01C544 23.26 537.02 0 512 0c-7.12 0-14.19 2.38-19.98 7.02l-85.03 68.03C364.28 109.19 310.66 128 256 128H64c-35.35 0-64 28.65-64 64v96c0 35.35 28.65 64 64 64h33.7c-1.39 10.48-2.18 21.14-2.18 32 0 39.77 9.26 77.35 25.56 110.94 5.19 10.69 16.52 17.06 28.4 17.06h74.28c26.05 0 41.69-29.84 25.9-50.56-16.4-21.52-26.15-48.36-26.15-77.44 0-11.11 1.62-21.79 4.41-32H256c54.66 0 108.28 18.81 150.98 52.95l85.03 68.03a32.023 32.023 0 0 0 19.98 7.02c24.92 0 32-22.78 32-32V295.13C563.05 284.04 576 263.63 576 240zm-96 141.42l-33.05-26.44C392.95 311.78 325.12 288 256 288v-96c69.12 0 136.95-23.78 190.95-66.98L480 98.58v282.84z\"><\/path><\/svg>\t\t\t<\/div>\n\t\t<\/div>\n\t\t\t\t\t\t<\/div>\n\t\t\t\t<div class=\"elementor-element elementor-element-d0b4aeb elementor-widget elementor-widget-heading\" data-id=\"d0b4aeb\" data-element_type=\"widget\" data-e-type=\"widget\" data-widget_type=\"heading.default\">\n\t\t\t\t\t<h3 class=\"elementor-heading-title elementor-size-default\">Marketing<\/h3>\t\t\t\t<\/div>\n\t\t\t\t<div class=\"elementor-element elementor-element-72af9b1 elementor-widget elementor-widget-text-editor\" data-id=\"72af9b1\" data-element_type=\"widget\" data-e-type=\"widget\" data-widget_type=\"text-editor.default\">\n\t\t\t\t\t\t\t\t\t<p>Pour toutes questions ou demandes lie\u0301es au service marketing, communication et publicite\u0301, contactez-nous ici.<\/p>\t\t\t\t\t\t\t\t<\/div>\n\t\t\t\t<\/div>\n\t\t\t\t\t<\/div>\n\t\t\t\t<\/div>\n\t\t<div class=\"elementor-element elementor-element-37caac5 e-flex e-con-boxed e-con e-parent\" data-id=\"37caac5\" data-element_type=\"container\" data-e-type=\"container\">\n\t\t\t\t\t<div class=\"e-con-inner\">\n\t\t\t\t<div class=\"elementor-element elementor-element-47881dc elementor-widget elementor-widget-heading\" data-id=\"47881dc\" data-element_type=\"widget\" data-e-type=\"widget\" data-widget_type=\"heading.default\">\n\t\t\t\t\t<h2 class=\"elementor-heading-title elementor-size-default\">Contactez-nous !<\/h2>\t\t\t\t<\/div>\n\t\t\t\t<div class=\"elementor-element elementor-element-cff3939 elementor-widget elementor-widget-text-editor\" data-id=\"cff3939\" data-element_type=\"widget\" data-e-type=\"widget\" data-widget_type=\"text-editor.default\">\n\t\t\t\t\t\t\t\t\t<p><span data-testid=\"issue-activity-feed.feed-display-with-intersection-observer\">Pour que nous puissions traiter votre demande, certaines de vos donn\u00e9es personnelles sont n\u00e9cessaires. <a class=\"css-1rn59kg\" title=\"#\" href=\"https:\/\/preprod.noelse.net\/legal\/\" data-testid=\"link-with-safety\" data-renderer-mark=\"true\">En savoir plus sur l\u2019utilisation de vos donn\u00e9es<\/a>.<\/span><\/p>\t\t\t\t\t\t\t\t<\/div>\n\t\t\t\t<div class=\"elementor-element elementor-element-19f6a2d elementor-widget elementor-widget-form\" data-id=\"19f6a2d\" data-element_type=\"widget\" data-e-type=\"widget\" data-widget_type=\"form.default\">\n\t\t\t\t<div class=\"elementor-widget-container\">\n\t\t\t\t\t \t\t\t\t<\/div>\n\t\t\t\t<\/div>\n\t\t\t\t\t<\/div>\n\t\t\t\t<\/div>\n\t\t\t\t<\/div>\n\t\t","protected":false},"excerpt":{"rendered":"<p>Besoin d&rsquo;aide ? Contactez Noelse, nous sommes l\u00e0 pour vous ! Une question, une r\u00e9clamation ou un probl\u00e8me \u00e0 r\u00e9soudre ? Notre \u00e9quipe est \u00e0 votre disposition pour vous accompagner&#8230;<\/p>\n","protected":false},"author":4,"featured_media":11062,"parent":0,"menu_order":0,"comment_status":"closed","ping_status":"closed","template":"elementor_header_footer","meta":{"footnotes":""},"class_list":["post-12292","page","type-page","status-publish","has-post-thumbnail"],"yoast_head":"<!-- This site is optimized with the Yoast SEO plugin v27.3 - https:\/\/yoast.com\/product\/yoast-seo-wordpress\/ -->\n<title>Nous contacter - Noelse Professionnel<\/title>\n<meta name=\"description\" content=\"Si vous avez une question ou besoin d&#039;information, nous sommes l\u00e0 pour vous r\u00e9pondre. N&#039;h\u00e9sitez pas \u00e0 nous contacter\" \/>\n<meta name=\"robots\" content=\"index, follow, max-snippet:-1, max-image-preview:large, max-video-preview:-1\" \/>\n<link rel=\"canonical\" href=\"https:\/\/preprod.noelse.net\/professionnels\/nous-contacter\/\" \/>\n<meta property=\"og:locale\" content=\"fr_FR\" \/>\n<meta property=\"og:type\" content=\"article\" \/>\n<meta property=\"og:title\" content=\"Nous contacter - Noelse Professionnel\" \/>\n<meta property=\"og:description\" content=\"Si vous avez une question ou besoin d&#039;information, nous sommes l\u00e0 pour vous r\u00e9pondre. N&#039;h\u00e9sitez pas \u00e0 nous contacter\" \/>\n<meta property=\"og:url\" content=\"https:\/\/preprod.noelse.net\/professionnels\/nous-contacter\/\" \/>\n<meta property=\"og:site_name\" content=\"Noelse Professionnel\" \/>\n<meta property=\"article:modified_time\" content=\"2026-03-26T09:06:30+00:00\" \/>\n<meta property=\"og:image\" content=\"https:\/\/preprod.noelse.net\/professionnels\/wp-content\/uploads\/sites\/2\/2025\/01\/PRO-Offre19Emois-Header.webp\" \/>\n\t<meta property=\"og:image:width\" content=\"1440\" \/>\n\t<meta property=\"og:image:height\" content=\"866\" \/>\n\t<meta property=\"og:image:type\" content=\"image\/webp\" \/>\n<meta name=\"twitter:card\" content=\"summary_large_image\" \/>\n<meta name=\"twitter:label1\" content=\"Dur\u00e9e de lecture estim\u00e9e\" \/>\n\t<meta name=\"twitter:data1\" content=\"1 minute\" \/>\n<script type=\"application\/ld+json\" class=\"yoast-schema-graph\">{\"@context\":\"https:\\\/\\\/schema.org\",\"@graph\":[{\"@type\":\"WebPage\",\"@id\":\"https:\\\/\\\/preprod.noelse.net\\\/professionnels\\\/nous-contacter\\\/\",\"url\":\"https:\\\/\\\/preprod.noelse.net\\\/professionnels\\\/nous-contacter\\\/\",\"name\":\"Nous contacter - Noelse Professionnel\",\"isPartOf\":{\"@id\":\"https:\\\/\\\/preprod.noelse.net\\\/professionnels\\\/#website\"},\"primaryImageOfPage\":{\"@id\":\"https:\\\/\\\/preprod.noelse.net\\\/professionnels\\\/nous-contacter\\\/#primaryimage\"},\"image\":{\"@id\":\"https:\\\/\\\/preprod.noelse.net\\\/professionnels\\\/nous-contacter\\\/#primaryimage\"},\"thumbnailUrl\":\"https:\\\/\\\/preprod.noelse.net\\\/professionnels\\\/wp-content\\\/uploads\\\/sites\\\/2\\\/2025\\\/01\\\/PRO-Offre19Emois-Header.webp\",\"datePublished\":\"2025-02-26T08:29:51+00:00\",\"dateModified\":\"2026-03-26T09:06:30+00:00\",\"description\":\"Si vous avez une question ou besoin d'information, nous sommes l\u00e0 pour vous r\u00e9pondre. N'h\u00e9sitez pas \u00e0 nous contacter\",\"breadcrumb\":{\"@id\":\"https:\\\/\\\/preprod.noelse.net\\\/professionnels\\\/nous-contacter\\\/#breadcrumb\"},\"inLanguage\":\"fr-FR\",\"potentialAction\":[{\"@type\":\"ReadAction\",\"target\":[\"https:\\\/\\\/preprod.noelse.net\\\/professionnels\\\/nous-contacter\\\/\"]}]},{\"@type\":\"ImageObject\",\"inLanguage\":\"fr-FR\",\"@id\":\"https:\\\/\\\/preprod.noelse.net\\\/professionnels\\\/nous-contacter\\\/#primaryimage\",\"url\":\"https:\\\/\\\/preprod.noelse.net\\\/professionnels\\\/wp-content\\\/uploads\\\/sites\\\/2\\\/2025\\\/01\\\/PRO-Offre19Emois-Header.webp\",\"contentUrl\":\"https:\\\/\\\/preprod.noelse.net\\\/professionnels\\\/wp-content\\\/uploads\\\/sites\\\/2\\\/2025\\\/01\\\/PRO-Offre19Emois-Header.webp\",\"width\":1440,\"height\":866,\"caption\":\"nous contacter\"},{\"@type\":\"BreadcrumbList\",\"@id\":\"https:\\\/\\\/preprod.noelse.net\\\/professionnels\\\/nous-contacter\\\/#breadcrumb\",\"itemListElement\":[{\"@type\":\"ListItem\",\"position\":1,\"name\":\"Accueil\",\"item\":\"https:\\\/\\\/preprod.noelse.net\\\/professionnels\\\/\"},{\"@type\":\"ListItem\",\"position\":2,\"name\":\"Nous contacter\"}]},{\"@type\":\"WebSite\",\"@id\":\"https:\\\/\\\/preprod.noelse.net\\\/professionnels\\\/#website\",\"url\":\"https:\\\/\\\/preprod.noelse.net\\\/professionnels\\\/\",\"name\":\"Noelse Professionnel\",\"description\":\"\",\"publisher\":{\"@id\":\"https:\\\/\\\/preprod.noelse.net\\\/professionnels\\\/#organization\"},\"potentialAction\":[{\"@type\":\"SearchAction\",\"target\":{\"@type\":\"EntryPoint\",\"urlTemplate\":\"https:\\\/\\\/preprod.noelse.net\\\/professionnels\\\/?s={search_term_string}\"},\"query-input\":{\"@type\":\"PropertyValueSpecification\",\"valueRequired\":true,\"valueName\":\"search_term_string\"}}],\"inLanguage\":\"fr-FR\"},{\"@type\":\"Organization\",\"@id\":\"https:\\\/\\\/preprod.noelse.net\\\/professionnels\\\/#organization\",\"name\":\"Noelse Professionnel\",\"url\":\"https:\\\/\\\/preprod.noelse.net\\\/professionnels\\\/\",\"logo\":{\"@type\":\"ImageObject\",\"inLanguage\":\"fr-FR\",\"@id\":\"https:\\\/\\\/preprod.noelse.net\\\/professionnels\\\/#\\\/schema\\\/logo\\\/image\\\/\",\"url\":\"https:\\\/\\\/preprod.noelse.net\\\/professionnels\\\/wp-content\\\/uploads\\\/sites\\\/2\\\/2024\\\/11\\\/noelse-pro-1.png\",\"contentUrl\":\"https:\\\/\\\/preprod.noelse.net\\\/professionnels\\\/wp-content\\\/uploads\\\/sites\\\/2\\\/2024\\\/11\\\/noelse-pro-1.png\",\"width\":114,\"height\":33,\"caption\":\"Noelse Professionnel\"},\"image\":{\"@id\":\"https:\\\/\\\/preprod.noelse.net\\\/professionnels\\\/#\\\/schema\\\/logo\\\/image\\\/\"}}]}<\/script>\n<!-- \/ Yoast SEO plugin. -->","yoast_head_json":{"title":"Nous contacter - Noelse Professionnel","description":"Si vous avez une question ou besoin d'information, nous sommes l\u00e0 pour vous r\u00e9pondre. N'h\u00e9sitez pas \u00e0 nous contacter","robots":{"index":"index","follow":"follow","max-snippet":"max-snippet:-1","max-image-preview":"max-image-preview:large","max-video-preview":"max-video-preview:-1"},"canonical":"https:\/\/preprod.noelse.net\/professionnels\/nous-contacter\/","og_locale":"fr_FR","og_type":"article","og_title":"Nous contacter - Noelse Professionnel","og_description":"Si vous avez une question ou besoin d'information, nous sommes l\u00e0 pour vous r\u00e9pondre. N'h\u00e9sitez pas \u00e0 nous contacter","og_url":"https:\/\/preprod.noelse.net\/professionnels\/nous-contacter\/","og_site_name":"Noelse Professionnel","article_modified_time":"2026-03-26T09:06:30+00:00","og_image":[{"width":1440,"height":866,"url":"https:\/\/preprod.noelse.net\/professionnels\/wp-content\/uploads\/sites\/2\/2025\/01\/PRO-Offre19Emois-Header.webp","type":"image\/webp"}],"twitter_card":"summary_large_image","twitter_misc":{"Dur\u00e9e de lecture estim\u00e9e":"1 minute"},"schema":{"@context":"https:\/\/schema.org","@graph":[{"@type":"WebPage","@id":"https:\/\/preprod.noelse.net\/professionnels\/nous-contacter\/","url":"https:\/\/preprod.noelse.net\/professionnels\/nous-contacter\/","name":"Nous contacter - Noelse Professionnel","isPartOf":{"@id":"https:\/\/preprod.noelse.net\/professionnels\/#website"},"primaryImageOfPage":{"@id":"https:\/\/preprod.noelse.net\/professionnels\/nous-contacter\/#primaryimage"},"image":{"@id":"https:\/\/preprod.noelse.net\/professionnels\/nous-contacter\/#primaryimage"},"thumbnailUrl":"https:\/\/preprod.noelse.net\/professionnels\/wp-content\/uploads\/sites\/2\/2025\/01\/PRO-Offre19Emois-Header.webp","datePublished":"2025-02-26T08:29:51+00:00","dateModified":"2026-03-26T09:06:30+00:00","description":"Si vous avez une question ou besoin d'information, nous sommes l\u00e0 pour vous r\u00e9pondre. N'h\u00e9sitez pas \u00e0 nous contacter","breadcrumb":{"@id":"https:\/\/preprod.noelse.net\/professionnels\/nous-contacter\/#breadcrumb"},"inLanguage":"fr-FR","potentialAction":[{"@type":"ReadAction","target":["https:\/\/preprod.noelse.net\/professionnels\/nous-contacter\/"]}]},{"@type":"ImageObject","inLanguage":"fr-FR","@id":"https:\/\/preprod.noelse.net\/professionnels\/nous-contacter\/#primaryimage","url":"https:\/\/preprod.noelse.net\/professionnels\/wp-content\/uploads\/sites\/2\/2025\/01\/PRO-Offre19Emois-Header.webp","contentUrl":"https:\/\/preprod.noelse.net\/professionnels\/wp-content\/uploads\/sites\/2\/2025\/01\/PRO-Offre19Emois-Header.webp","width":1440,"height":866,"caption":"nous contacter"},{"@type":"BreadcrumbList","@id":"https:\/\/preprod.noelse.net\/professionnels\/nous-contacter\/#breadcrumb","itemListElement":[{"@type":"ListItem","position":1,"name":"Accueil","item":"https:\/\/preprod.noelse.net\/professionnels\/"},{"@type":"ListItem","position":2,"name":"Nous contacter"}]},{"@type":"WebSite","@id":"https:\/\/preprod.noelse.net\/professionnels\/#website","url":"https:\/\/preprod.noelse.net\/professionnels\/","name":"Noelse Professionnel","description":"","publisher":{"@id":"https:\/\/preprod.noelse.net\/professionnels\/#organization"},"potentialAction":[{"@type":"SearchAction","target":{"@type":"EntryPoint","urlTemplate":"https:\/\/preprod.noelse.net\/professionnels\/?s={search_term_string}"},"query-input":{"@type":"PropertyValueSpecification","valueRequired":true,"valueName":"search_term_string"}}],"inLanguage":"fr-FR"},{"@type":"Organization","@id":"https:\/\/preprod.noelse.net\/professionnels\/#organization","name":"Noelse Professionnel","url":"https:\/\/preprod.noelse.net\/professionnels\/","logo":{"@type":"ImageObject","inLanguage":"fr-FR","@id":"https:\/\/preprod.noelse.net\/professionnels\/#\/schema\/logo\/image\/","url":"https:\/\/preprod.noelse.net\/professionnels\/wp-content\/uploads\/sites\/2\/2024\/11\/noelse-pro-1.png","contentUrl":"https:\/\/preprod.noelse.net\/professionnels\/wp-content\/uploads\/sites\/2\/2024\/11\/noelse-pro-1.png","width":114,"height":33,"caption":"Noelse Professionnel"},"image":{"@id":"https:\/\/preprod.noelse.net\/professionnels\/#\/schema\/logo\/image\/"}}]}},"_links":{"self":[{"href":"https:\/\/preprod.noelse.net\/professionnels\/wp-json\/wp\/v2\/pages\/12292","targetHints":{"allow":["GET"]}}],"collection":[{"href":"https:\/\/preprod.noelse.net\/professionnels\/wp-json\/wp\/v2\/pages"}],"about":[{"href":"https:\/\/preprod.noelse.net\/professionnels\/wp-json\/wp\/v2\/types\/page"}],"author":[{"embeddable":true,"href":"https:\/\/preprod.noelse.net\/professionnels\/wp-json\/wp\/v2\/users\/4"}],"replies":[{"embeddable":true,"href":"https:\/\/preprod.noelse.net\/professionnels\/wp-json\/wp\/v2\/comments?post=12292"}],"version-history":[{"count":0,"href":"https:\/\/preprod.noelse.net\/professionnels\/wp-json\/wp\/v2\/pages\/12292\/revisions"}],"wp:featuredmedia":[{"embeddable":true,"href":"https:\/\/preprod.noelse.net\/professionnels\/wp-json\/wp\/v2\/media\/11062"}],"wp:attachment":[{"href":"https:\/\/preprod.noelse.net\/professionnels\/wp-json\/wp\/v2\/media?parent=12292"}],"curies":[{"name":"wp","href":"https:\/\/api.w.org\/{rel}","templated":true}]}}